{"id":64880,"date":"2026-04-29T14:37:31","date_gmt":"2026-04-29T12:37:31","guid":{"rendered":"https:\/\/drromanovaleria.ch\/?page_id=64880"},"modified":"2026-04-29T14:37:31","modified_gmt":"2026-04-29T12:37:31","slug":"levres-homme","status":"publish","type":"page","link":"https:\/\/drromanovaleria.ch\/it\/esthetique-hommes\/levres-homme\/","title":{"rendered":"L\u00e8vres homme"},"content":{"rendered":"","protected":false},"excerpt":{"rendered":"","protected":false},"author":2,"featured_media":0,"parent":39,"menu_order":0,"comment_status":"closed","ping_status":"closed","template":"elementor_header_footer","meta":{"footnotes":""},"class_list":["post-64880","page","type-page","status-publish","hentry"],"yoast_head":"<!-- This site is optimized with the Yoast SEO plugin v27.5 - https:\/\/yoast.com\/product\/yoast-seo-wordpress\/ -->\n<title>Acide hyaluronique l\u00e8vres hommes \u2013 Gen\u00e8ve - Dr Romano<\/title>\n<meta name=\"description\" content=\"Acide hyaluronique l\u00e8vres homme \u00e0 Gen\u00e8ve : correction discr\u00e8te des l\u00e8vres masculines, hydratation, meilleure d\u00e9finition et \u00e9quilibre naturel. R\u00e9sultat sobre, harmonieux et personnalis\u00e9, sans f\u00e9minisation. Traitement des l\u00e8vres pour homme \u00e0 Gen\u00e8ve.\" \/>\n<meta name=\"robots\" content=\"index, follow, max-snippet:-1, max-image-preview:large, max-video-preview:-1\" \/>\n<link rel=\"canonical\" href=\"https:\/\/drromanovaleria.ch\/it\/estetica-uomini\/levres-homme\/\" \/>\n<meta property=\"og:locale\" content=\"it_IT\" \/>\n<meta property=\"og:type\" content=\"article\" \/>\n<meta property=\"og:title\" content=\"Acide hyaluronique l\u00e8vres hommes \u2013 Gen\u00e8ve - Dr Romano\" \/>\n<meta property=\"og:description\" content=\"Acide hyaluronique l\u00e8vres homme \u00e0 Gen\u00e8ve : correction discr\u00e8te des l\u00e8vres masculines, hydratation, meilleure d\u00e9finition et \u00e9quilibre naturel. R\u00e9sultat sobre, harmonieux et personnalis\u00e9, sans f\u00e9minisation. Traitement des l\u00e8vres pour homme \u00e0 Gen\u00e8ve.\" \/>\n<meta property=\"og:url\" content=\"https:\/\/drromanovaleria.ch\/it\/estetica-uomini\/levres-homme\/\" \/>\n<meta property=\"og:site_name\" content=\"Dr Romano\" \/>\n<meta name=\"twitter:card\" content=\"summary_large_image\" \/>\n<script type=\"application\/ld+json\" class=\"yoast-schema-graph\">{\"@context\":\"https:\\\/\\\/schema.org\",\"@graph\":[{\"@type\":\"WebPage\",\"@id\":\"https:\\\/\\\/drromanovaleria.ch\\\/esthetique-hommes\\\/levres-homme\\\/\",\"url\":\"https:\\\/\\\/drromanovaleria.ch\\\/esthetique-hommes\\\/levres-homme\\\/\",\"name\":\"Acide hyaluronique l\u00e8vres hommes \u2013 Gen\u00e8ve - Dr Romano\",\"isPartOf\":{\"@id\":\"https:\\\/\\\/drromanovaleria.ch\\\/#website\"},\"datePublished\":\"2026-04-29T12:37:31+00:00\",\"description\":\"Acide hyaluronique l\u00e8vres homme \u00e0 Gen\u00e8ve : correction discr\u00e8te des l\u00e8vres masculines, hydratation, meilleure d\u00e9finition et \u00e9quilibre naturel. R\u00e9sultat sobre, harmonieux et personnalis\u00e9, sans f\u00e9minisation. Traitement des l\u00e8vres pour homme \u00e0 Gen\u00e8ve.\",\"breadcrumb\":{\"@id\":\"https:\\\/\\\/drromanovaleria.ch\\\/esthetique-hommes\\\/levres-homme\\\/#breadcrumb\"},\"inLanguage\":\"it-IT\",\"potentialAction\":[{\"@type\":\"ReadAction\",\"target\":[\"https:\\\/\\\/drromanovaleria.ch\\\/esthetique-hommes\\\/levres-homme\\\/\"]}]},{\"@type\":\"BreadcrumbList\",\"@id\":\"https:\\\/\\\/drromanovaleria.ch\\\/esthetique-hommes\\\/levres-homme\\\/#breadcrumb\",\"itemListElement\":[{\"@type\":\"ListItem\",\"position\":1,\"name\":\"Accueil\",\"item\":\"https:\\\/\\\/drromanovaleria.ch\\\/\"},{\"@type\":\"ListItem\",\"position\":2,\"name\":\"Homme\",\"item\":\"https:\\\/\\\/drromanovaleria.ch\\\/esthetique-hommes\\\/\"},{\"@type\":\"ListItem\",\"position\":3,\"name\":\"L\u00e8vres homme\"}]},{\"@type\":\"WebSite\",\"@id\":\"https:\\\/\\\/drromanovaleria.ch\\\/#website\",\"url\":\"https:\\\/\\\/drromanovaleria.ch\\\/\",\"name\":\"Dr Romano\",\"description\":\"M\u00e9decine morphologique et anti-\u00e2ge\",\"potentialAction\":[{\"@type\":\"SearchAction\",\"target\":{\"@type\":\"EntryPoint\",\"urlTemplate\":\"https:\\\/\\\/drromanovaleria.ch\\\/?s={search_term_string}\"},\"query-input\":{\"@type\":\"PropertyValueSpecification\",\"valueRequired\":true,\"valueName\":\"search_term_string\"}}],\"inLanguage\":\"it-IT\"}]}<\/script>\n<!-- \/ Yoast SEO plugin. -->","yoast_head_json":{"title":"Acide hyaluronique l\u00e8vres hommes \u2013 Gen\u00e8ve - Dr Romano","description":"Acide hyaluronique l\u00e8vres homme \u00e0 Gen\u00e8ve : correction discr\u00e8te des l\u00e8vres masculines, hydratation, meilleure d\u00e9finition et \u00e9quilibre naturel. R\u00e9sultat sobre, harmonieux et personnalis\u00e9, sans f\u00e9minisation. Traitement des l\u00e8vres pour homme \u00e0 Gen\u00e8ve.","robots":{"index":"index","follow":"follow","max-snippet":"max-snippet:-1","max-image-preview":"max-image-preview:large","max-video-preview":"max-video-preview:-1"},"canonical":"https:\/\/drromanovaleria.ch\/it\/estetica-uomini\/levres-homme\/","og_locale":"it_IT","og_type":"article","og_title":"Acide hyaluronique l\u00e8vres hommes \u2013 Gen\u00e8ve - Dr Romano","og_description":"Acide hyaluronique l\u00e8vres homme \u00e0 Gen\u00e8ve : correction discr\u00e8te des l\u00e8vres masculines, hydratation, meilleure d\u00e9finition et \u00e9quilibre naturel. R\u00e9sultat sobre, harmonieux et personnalis\u00e9, sans f\u00e9minisation. Traitement des l\u00e8vres pour homme \u00e0 Gen\u00e8ve.","og_url":"https:\/\/drromanovaleria.ch\/it\/estetica-uomini\/levres-homme\/","og_site_name":"Dr Romano","twitter_card":"summary_large_image","schema":{"@context":"https:\/\/schema.org","@graph":[{"@type":"WebPage","@id":"https:\/\/drromanovaleria.ch\/esthetique-hommes\/levres-homme\/","url":"https:\/\/drromanovaleria.ch\/esthetique-hommes\/levres-homme\/","name":"Acide hyaluronique l\u00e8vres hommes \u2013 Gen\u00e8ve - Dr Romano","isPartOf":{"@id":"https:\/\/drromanovaleria.ch\/#website"},"datePublished":"2026-04-29T12:37:31+00:00","description":"Acide hyaluronique l\u00e8vres homme \u00e0 Gen\u00e8ve : correction discr\u00e8te des l\u00e8vres masculines, hydratation, meilleure d\u00e9finition et \u00e9quilibre naturel. R\u00e9sultat sobre, harmonieux et personnalis\u00e9, sans f\u00e9minisation. Traitement des l\u00e8vres pour homme \u00e0 Gen\u00e8ve.","breadcrumb":{"@id":"https:\/\/drromanovaleria.ch\/esthetique-hommes\/levres-homme\/#breadcrumb"},"inLanguage":"it-IT","potentialAction":[{"@type":"ReadAction","target":["https:\/\/drromanovaleria.ch\/esthetique-hommes\/levres-homme\/"]}]},{"@type":"BreadcrumbList","@id":"https:\/\/drromanovaleria.ch\/esthetique-hommes\/levres-homme\/#breadcrumb","itemListElement":[{"@type":"ListItem","position":1,"name":"Accueil","item":"https:\/\/drromanovaleria.ch\/"},{"@type":"ListItem","position":2,"name":"Homme","item":"https:\/\/drromanovaleria.ch\/esthetique-hommes\/"},{"@type":"ListItem","position":3,"name":"L\u00e8vres homme"}]},{"@type":"WebSite","@id":"https:\/\/drromanovaleria.ch\/#website","url":"https:\/\/drromanovaleria.ch\/","name":"Dott. Romano","description":"Medicina morfologica e anti-invecchiamento","potentialAction":[{"@type":"SearchAction","target":{"@type":"EntryPoint","urlTemplate":"https:\/\/drromanovaleria.ch\/?s={search_term_string}"},"query-input":{"@type":"PropertyValueSpecification","valueRequired":true,"valueName":"search_term_string"}}],"inLanguage":"it-IT"}]}},"amp_enabled":false,"_links":{"self":[{"href":"https:\/\/drromanovaleria.ch\/it\/wp-json\/wp\/v2\/pages\/64880","targetHints":{"allow":["GET"]}}],"collection":[{"href":"https:\/\/drromanovaleria.ch\/it\/wp-json\/wp\/v2\/pages"}],"about":[{"href":"https:\/\/drromanovaleria.ch\/it\/wp-json\/wp\/v2\/types\/page"}],"author":[{"embeddable":true,"href":"https:\/\/drromanovaleria.ch\/it\/wp-json\/wp\/v2\/users\/2"}],"replies":[{"embeddable":true,"href":"https:\/\/drromanovaleria.ch\/it\/wp-json\/wp\/v2\/comments?post=64880"}],"version-history":[{"count":1,"href":"https:\/\/drromanovaleria.ch\/it\/wp-json\/wp\/v2\/pages\/64880\/revisions"}],"predecessor-version":[{"id":64881,"href":"https:\/\/drromanovaleria.ch\/it\/wp-json\/wp\/v2\/pages\/64880\/revisions\/64881"}],"up":[{"embeddable":true,"href":"https:\/\/drromanovaleria.ch\/it\/wp-json\/wp\/v2\/pages\/39"}],"wp:attachment":[{"href":"https:\/\/drromanovaleria.ch\/it\/wp-json\/wp\/v2\/media?parent=64880"}],"curies":[{"name":"wp","href":"https:\/\/api.w.org\/{rel}","templated":true}]}}