{"id":64218,"date":"2026-04-23T08:49:05","date_gmt":"2026-04-23T06:49:05","guid":{"rendered":"https:\/\/drromanovaleria.ch\/?page_id=64218"},"modified":"2026-04-23T08:49:05","modified_gmt":"2026-04-23T06:49:05","slug":"stress","status":"publish","type":"page","link":"https:\/\/drromanovaleria.ch\/it\/agressions\/stress\/","title":{"rendered":"Stress"},"content":{"rendered":"","protected":false},"excerpt":{"rendered":"","protected":false},"author":2,"featured_media":0,"parent":64198,"menu_order":0,"comment_status":"closed","ping_status":"closed","template":"elementor_header_footer","meta":{"footnotes":""},"class_list":["post-64218","page","type-page","status-publish","hentry"],"yoast_head":"<!-- This site is optimized with the Yoast SEO plugin v27.4 - https:\/\/yoast.com\/product\/yoast-seo-wordpress\/ -->\n<title>Quels sont les effets du stress sur la peau ? - Dr Romano<\/title>\n<meta name=\"description\" content=\"D\u00e9couvrez les effets du stress sur la peau : acn\u00e9, teint terne, d\u00e9shydratation, rides et inflammations. Comprendre les m\u00e9canismes du stress cutan\u00e9 et les solutions efficaces pour pr\u00e9server une peau saine, lumineuse et \u00e9quilibr\u00e9e.\" \/>\n<meta name=\"robots\" content=\"index, follow, max-snippet:-1, max-image-preview:large, max-video-preview:-1\" \/>\n<link rel=\"canonical\" href=\"https:\/\/drromanovaleria.ch\/it\/aggressioni\/stress\/\" \/>\n<meta property=\"og:locale\" content=\"it_IT\" \/>\n<meta property=\"og:type\" content=\"article\" \/>\n<meta property=\"og:title\" content=\"Quels sont les effets du stress sur la peau ? - Dr Romano\" \/>\n<meta property=\"og:description\" content=\"D\u00e9couvrez les effets du stress sur la peau : acn\u00e9, teint terne, d\u00e9shydratation, rides et inflammations. Comprendre les m\u00e9canismes du stress cutan\u00e9 et les solutions efficaces pour pr\u00e9server une peau saine, lumineuse et \u00e9quilibr\u00e9e.\" \/>\n<meta property=\"og:url\" content=\"https:\/\/drromanovaleria.ch\/it\/aggressioni\/stress\/\" \/>\n<meta property=\"og:site_name\" content=\"Dr Romano\" \/>\n<meta name=\"twitter:card\" content=\"summary_large_image\" \/>\n<script type=\"application\/ld+json\" class=\"yoast-schema-graph\">{\"@context\":\"https:\\\/\\\/schema.org\",\"@graph\":[{\"@type\":\"WebPage\",\"@id\":\"https:\\\/\\\/drromanovaleria.ch\\\/agressions\\\/stress\\\/\",\"url\":\"https:\\\/\\\/drromanovaleria.ch\\\/agressions\\\/stress\\\/\",\"name\":\"Quels sont les effets du stress sur la peau ? - Dr Romano\",\"isPartOf\":{\"@id\":\"https:\\\/\\\/drromanovaleria.ch\\\/#website\"},\"datePublished\":\"2026-04-23T06:49:05+00:00\",\"description\":\"D\u00e9couvrez les effets du stress sur la peau : acn\u00e9, teint terne, d\u00e9shydratation, rides et inflammations. Comprendre les m\u00e9canismes du stress cutan\u00e9 et les solutions efficaces pour pr\u00e9server une peau saine, lumineuse et \u00e9quilibr\u00e9e.\",\"breadcrumb\":{\"@id\":\"https:\\\/\\\/drromanovaleria.ch\\\/agressions\\\/stress\\\/#breadcrumb\"},\"inLanguage\":\"it-IT\",\"potentialAction\":[{\"@type\":\"ReadAction\",\"target\":[\"https:\\\/\\\/drromanovaleria.ch\\\/agressions\\\/stress\\\/\"]}]},{\"@type\":\"BreadcrumbList\",\"@id\":\"https:\\\/\\\/drromanovaleria.ch\\\/agressions\\\/stress\\\/#breadcrumb\",\"itemListElement\":[{\"@type\":\"ListItem\",\"position\":1,\"name\":\"Accueil\",\"item\":\"https:\\\/\\\/drromanovaleria.ch\\\/\"},{\"@type\":\"ListItem\",\"position\":2,\"name\":\"Agressions\",\"item\":\"https:\\\/\\\/drromanovaleria.ch\\\/agressions\\\/\"},{\"@type\":\"ListItem\",\"position\":3,\"name\":\"Stress\"}]},{\"@type\":\"WebSite\",\"@id\":\"https:\\\/\\\/drromanovaleria.ch\\\/#website\",\"url\":\"https:\\\/\\\/drromanovaleria.ch\\\/\",\"name\":\"Dr Romano\",\"description\":\"M\u00e9decine morphologique et anti-\u00e2ge\",\"potentialAction\":[{\"@type\":\"SearchAction\",\"target\":{\"@type\":\"EntryPoint\",\"urlTemplate\":\"https:\\\/\\\/drromanovaleria.ch\\\/?s={search_term_string}\"},\"query-input\":{\"@type\":\"PropertyValueSpecification\",\"valueRequired\":true,\"valueName\":\"search_term_string\"}}],\"inLanguage\":\"it-IT\"}]}<\/script>\n<!-- \/ Yoast SEO plugin. -->","yoast_head_json":{"title":"Quels sont les effets du stress sur la peau ? - Dr Romano","description":"D\u00e9couvrez les effets du stress sur la peau : acn\u00e9, teint terne, d\u00e9shydratation, rides et inflammations. Comprendre les m\u00e9canismes du stress cutan\u00e9 et les solutions efficaces pour pr\u00e9server une peau saine, lumineuse et \u00e9quilibr\u00e9e.","robots":{"index":"index","follow":"follow","max-snippet":"max-snippet:-1","max-image-preview":"max-image-preview:large","max-video-preview":"max-video-preview:-1"},"canonical":"https:\/\/drromanovaleria.ch\/it\/aggressioni\/stress\/","og_locale":"it_IT","og_type":"article","og_title":"Quels sont les effets du stress sur la peau ? - Dr Romano","og_description":"D\u00e9couvrez les effets du stress sur la peau : acn\u00e9, teint terne, d\u00e9shydratation, rides et inflammations. Comprendre les m\u00e9canismes du stress cutan\u00e9 et les solutions efficaces pour pr\u00e9server une peau saine, lumineuse et \u00e9quilibr\u00e9e.","og_url":"https:\/\/drromanovaleria.ch\/it\/aggressioni\/stress\/","og_site_name":"Dr Romano","twitter_card":"summary_large_image","schema":{"@context":"https:\/\/schema.org","@graph":[{"@type":"WebPage","@id":"https:\/\/drromanovaleria.ch\/agressions\/stress\/","url":"https:\/\/drromanovaleria.ch\/agressions\/stress\/","name":"Quels sont les effets du stress sur la peau ? - Dr Romano","isPartOf":{"@id":"https:\/\/drromanovaleria.ch\/#website"},"datePublished":"2026-04-23T06:49:05+00:00","description":"D\u00e9couvrez les effets du stress sur la peau : acn\u00e9, teint terne, d\u00e9shydratation, rides et inflammations. Comprendre les m\u00e9canismes du stress cutan\u00e9 et les solutions efficaces pour pr\u00e9server une peau saine, lumineuse et \u00e9quilibr\u00e9e.","breadcrumb":{"@id":"https:\/\/drromanovaleria.ch\/agressions\/stress\/#breadcrumb"},"inLanguage":"it-IT","potentialAction":[{"@type":"ReadAction","target":["https:\/\/drromanovaleria.ch\/agressions\/stress\/"]}]},{"@type":"BreadcrumbList","@id":"https:\/\/drromanovaleria.ch\/agressions\/stress\/#breadcrumb","itemListElement":[{"@type":"ListItem","position":1,"name":"Accueil","item":"https:\/\/drromanovaleria.ch\/"},{"@type":"ListItem","position":2,"name":"Agressions","item":"https:\/\/drromanovaleria.ch\/agressions\/"},{"@type":"ListItem","position":3,"name":"Stress"}]},{"@type":"WebSite","@id":"https:\/\/drromanovaleria.ch\/#website","url":"https:\/\/drromanovaleria.ch\/","name":"Dott. Romano","description":"Medicina morfologica e anti-invecchiamento","potentialAction":[{"@type":"SearchAction","target":{"@type":"EntryPoint","urlTemplate":"https:\/\/drromanovaleria.ch\/?s={search_term_string}"},"query-input":{"@type":"PropertyValueSpecification","valueRequired":true,"valueName":"search_term_string"}}],"inLanguage":"it-IT"}]}},"amp_enabled":false,"_links":{"self":[{"href":"https:\/\/drromanovaleria.ch\/it\/wp-json\/wp\/v2\/pages\/64218","targetHints":{"allow":["GET"]}}],"collection":[{"href":"https:\/\/drromanovaleria.ch\/it\/wp-json\/wp\/v2\/pages"}],"about":[{"href":"https:\/\/drromanovaleria.ch\/it\/wp-json\/wp\/v2\/types\/page"}],"author":[{"embeddable":true,"href":"https:\/\/drromanovaleria.ch\/it\/wp-json\/wp\/v2\/users\/2"}],"replies":[{"embeddable":true,"href":"https:\/\/drromanovaleria.ch\/it\/wp-json\/wp\/v2\/comments?post=64218"}],"version-history":[{"count":1,"href":"https:\/\/drromanovaleria.ch\/it\/wp-json\/wp\/v2\/pages\/64218\/revisions"}],"predecessor-version":[{"id":64219,"href":"https:\/\/drromanovaleria.ch\/it\/wp-json\/wp\/v2\/pages\/64218\/revisions\/64219"}],"up":[{"embeddable":true,"href":"https:\/\/drromanovaleria.ch\/it\/wp-json\/wp\/v2\/pages\/64198"}],"wp:attachment":[{"href":"https:\/\/drromanovaleria.ch\/it\/wp-json\/wp\/v2\/media?parent=64218"}],"curies":[{"name":"wp","href":"https:\/\/api.w.org\/{rel}","templated":true}]}}