{"id":53,"date":"2024-05-08T22:19:12","date_gmt":"2024-05-08T20:19:12","guid":{"rendered":"https:\/\/drromanovaleria.ch\/?page_id=53"},"modified":"2025-10-26T10:41:56","modified_gmt":"2025-10-26T09:41:56","slug":"contattare-dottore-romano-valeria","status":"publish","type":"page","link":"https:\/\/drromanovaleria.ch\/it\/contattare-dottore-romano-valeria\/","title":{"rendered":"Contatto Dott. Romano"},"content":{"rendered":"<div data-elementor-type=\"wp-page\" data-elementor-id=\"53\" class=\"elementor elementor-53\" data-elementor-post-type=\"page\">\n\t\t\t\t<div class=\"elementor-element elementor-element-bdcb813 e-flex e-con-boxed e-con e-parent\" data-id=\"bdcb813\" data-element_type=\"container\" data-e-type=\"container\" data-settings=\"{&quot;jet_parallax_layout_list&quot;:[]}\">\n\t\t\t\t\t<div class=\"e-con-inner\">\n\t\t<div class=\"elementor-element elementor-element-f4f6af7 e-flex e-con-boxed e-con e-child\" data-id=\"f4f6af7\" data-element_type=\"container\" data-e-type=\"container\" data-settings=\"{&quot;jet_parallax_layout_list&quot;:[]}\">\n\t\t\t\t\t<div class=\"e-con-inner\">\n\t\t\t\t<div class=\"elementor-element elementor-element-3acf0ee elementor-widget elementor-widget-heading\" data-id=\"3acf0ee\" data-element_type=\"widget\" data-e-type=\"widget\" data-widget_type=\"heading.default\">\n\t\t\t\t<div class=\"elementor-widget-container\">\n\t\t\t\t\t<h1 class=\"elementor-heading-title elementor-size-default\">Contatto<\/h1>\t\t\t\t<\/div>\n\t\t\t\t<\/div>\n\t\t<div class=\"elementor-element elementor-element-28e1b1d e-flex e-con-boxed e-con e-child\" data-id=\"28e1b1d\" data-element_type=\"container\" data-e-type=\"container\" data-settings=\"{&quot;jet_parallax_layout_list&quot;:[]}\">\n\t\t\t\t\t<div class=\"e-con-inner\">\n\t\t<div class=\"elementor-element elementor-element-0067713 e-con-full e-flex e-con e-child\" data-id=\"0067713\" data-element_type=\"container\" data-e-type=\"container\" data-settings=\"{&quot;jet_parallax_layout_list&quot;:[]}\">\n\t\t\t\t<div class=\"elementor-element elementor-element-258c1d9 elementor-widget elementor-widget-image\" data-id=\"258c1d9\" data-element_type=\"widget\" data-e-type=\"widget\" data-widget_type=\"image.default\">\n\t\t\t\t<div class=\"elementor-widget-container\">\n\t\t\t\t\t\t\t\t\t\t\t\t\t\t\t<img decoding=\"async\" width=\"96\" height=\"96\" src=\"https:\/\/drromanovaleria.ch\/wp-content\/uploads\/2024\/05\/telephone-dr-romano-1.png\" class=\"attachment-full size-full wp-image-3387\" alt=\"\" srcset=\"https:\/\/drromanovaleria.ch\/wp-content\/uploads\/2024\/05\/telephone-dr-romano-1.png 96w, https:\/\/drromanovaleria.ch\/wp-content\/uploads\/2024\/05\/telephone-dr-romano-1-12x12.png 12w\" sizes=\"(max-width: 96px) 100vw, 96px\" \/>\t\t\t\t\t\t\t\t\t\t\t\t\t\t\t<\/div>\n\t\t\t\t<\/div>\n\t\t\t\t<\/div>\n\t\t<div class=\"elementor-element elementor-element-cb0b161 e-con-full e-flex e-con e-child\" data-id=\"cb0b161\" data-element_type=\"container\" data-e-type=\"container\" data-settings=\"{&quot;jet_parallax_layout_list&quot;:[]}\">\n\t\t\t\t<div class=\"elementor-element elementor-element-5e25dc9 elementor-widget elementor-widget-heading\" data-id=\"5e25dc9\" data-element_type=\"widget\" data-e-type=\"widget\" data-widget_type=\"heading.default\">\n\t\t\t\t<div class=\"elementor-widget-container\">\n\t\t\t\t\t<h2 class=\"elementor-heading-title elementor-size-default\">Parliamo<\/h2>\t\t\t\t<\/div>\n\t\t\t\t<\/div>\n\t\t\t\t<div class=\"elementor-element elementor-element-8d1530c elementor-align-start elementor-mobile-align-start elementor-icon-list--layout-traditional elementor-list-item-link-full_width elementor-widget elementor-widget-icon-list\" data-id=\"8d1530c\" data-element_type=\"widget\" data-e-type=\"widget\" data-widget_type=\"icon-list.default\">\n\t\t\t\t<div class=\"elementor-widget-container\">\n\t\t\t\t\t\t\t<ul class=\"elementor-icon-list-items\">\n\t\t\t\t\t\t\t<li class=\"elementor-icon-list-item\">\n\t\t\t\t\t\t\t\t\t\t\t<a href=\"mailto:dr.romano.valeria@gmail.com\">\n\n\t\t\t\t\t\t\t\t\t\t\t\t<span class=\"elementor-icon-list-icon\">\n\t\t\t\t\t\t\t<svg aria-hidden=\"true\" class=\"e-font-icon-svg e-fas-envelope\" viewbox=\"0 0 512 512\" xmlns=\"http:\/\/www.w3.org\/2000\/svg\"><path d=\"M502.3 190.8c3.9-3.1 9.7-.2 9.7 4.7V400c0 26.5-21.5 48-48 48H48c-26.5 0-48-21.5-48-48V195.6c0-5 5.7-7.8 9.7-4.7 22.4 17.4 52.1 39.5 154.1 113.6 21.1 15.4 56.7 47.8 92.2 47.6 35.7.3 72-32.8 92.3-47.6 102-74.1 131.6-96.3 154-113.7zM256 320c23.2.4 56.6-29.2 73.4-41.4 132.7-96.3 142.8-104.7 173.4-128.7 5.8-4.5 9.2-11.5 9.2-18.9v-19c0-26.5-21.5-48-48-48H48C21.5 64 0 85.5 0 112v19c0 7.4 3.4 14.3 9.2 18.9 30.6 23.9 40.7 32.4 173.4 128.7 16.8 12.2 50.2 41.8 73.4 41.4z\"><\/path><\/svg>\t\t\t\t\t\t<\/span>\n\t\t\t\t\t\t\t\t\t\t<span class=\"elementor-icon-list-text\">dr.romano.valeria@gmail.com<\/span>\n\t\t\t\t\t\t\t\t\t\t\t<\/a>\n\t\t\t\t\t\t\t\t\t<\/li>\n\t\t\t\t\t\t\t\t<li class=\"elementor-icon-list-item\">\n\t\t\t\t\t\t\t\t\t\t\t<a href=\"tel:+41%2078%20209%2002%2089\">\n\n\t\t\t\t\t\t\t\t\t\t\t\t<span class=\"elementor-icon-list-icon\">\n\t\t\t\t\t\t\t<svg aria-hidden=\"true\" class=\"e-font-icon-svg e-fas-phone-alt\" viewbox=\"0 0 512 512\" xmlns=\"http:\/\/www.w3.org\/2000\/svg\"><path d=\"M497.39 361.8l-112-48a24 24 0 0 0-28 6.9l-49.6 60.6A370.66 370.66 0 0 1 130.6 204.11l60.6-49.6a23.94 23.94 0 0 0 6.9-28l-48-112A24.16 24.16 0 0 0 122.6.61l-104 24A24 24 0 0 0 0 48c0 256.5 207.9 464 464 464a24 24 0 0 0 23.4-18.6l24-104a24.29 24.29 0 0 0-14.01-27.6z\"><\/path><\/svg>\t\t\t\t\t\t<\/span>\n\t\t\t\t\t\t\t\t\t\t<span class=\"elementor-icon-list-text\">+41 78 209 02 89<\/span>\n\t\t\t\t\t\t\t\t\t\t\t<\/a>\n\t\t\t\t\t\t\t\t\t<\/li>\n\t\t\t\t\t\t<\/ul>\n\t\t\t\t\t\t<\/div>\n\t\t\t\t<\/div>\n\t\t\t\t<\/div>\n\t\t\t\t\t<\/div>\n\t\t\t\t<\/div>\n\t\t\t\t<div class=\"elementor-element elementor-element-0b031ea elementor-widget-divider--view-line elementor-widget elementor-widget-divider\" data-id=\"0b031ea\" data-element_type=\"widget\" data-e-type=\"widget\" data-widget_type=\"divider.default\">\n\t\t\t\t<div class=\"elementor-widget-container\">\n\t\t\t\t\t\t\t<div class=\"elementor-divider\">\n\t\t\t<span class=\"elementor-divider-separator\">\n\t\t\t\t\t\t<\/span>\n\t\t<\/div>\n\t\t\t\t\t\t<\/div>\n\t\t\t\t<\/div>\n\t\t<div class=\"elementor-element elementor-element-435dd34 e-flex e-con-boxed e-con e-child\" data-id=\"435dd34\" data-element_type=\"container\" data-e-type=\"container\" data-settings=\"{&quot;jet_parallax_layout_list&quot;:[]}\">\n\t\t\t\t\t<div class=\"e-con-inner\">\n\t\t<div class=\"elementor-element elementor-element-e6c92a1 e-con-full e-flex e-con e-child\" data-id=\"e6c92a1\" data-element_type=\"container\" data-e-type=\"container\" data-settings=\"{&quot;jet_parallax_layout_list&quot;:[]}\">\n\t\t\t\t<div class=\"elementor-element elementor-element-8ab1f45 elementor-widget elementor-widget-image\" data-id=\"8ab1f45\" data-element_type=\"widget\" data-e-type=\"widget\" data-widget_type=\"image.default\">\n\t\t\t\t<div class=\"elementor-widget-container\">\n\t\t\t\t\t\t\t\t\t\t\t\t\t\t\t<img decoding=\"async\" width=\"96\" height=\"96\" src=\"https:\/\/drromanovaleria.ch\/wp-content\/uploads\/2024\/05\/adresse-dr-romano.png\" class=\"attachment-full size-full wp-image-3388\" alt=\"\" srcset=\"https:\/\/drromanovaleria.ch\/wp-content\/uploads\/2024\/05\/adresse-dr-romano.png 96w, https:\/\/drromanovaleria.ch\/wp-content\/uploads\/2024\/05\/adresse-dr-romano-12x12.png 12w\" sizes=\"(max-width: 96px) 100vw, 96px\" \/>\t\t\t\t\t\t\t\t\t\t\t\t\t\t\t<\/div>\n\t\t\t\t<\/div>\n\t\t\t\t<\/div>\n\t\t<div class=\"elementor-element elementor-element-717ae83 e-con-full e-flex e-con e-child\" data-id=\"717ae83\" data-element_type=\"container\" data-e-type=\"container\" data-settings=\"{&quot;jet_parallax_layout_list&quot;:[]}\">\n\t\t\t\t<div class=\"elementor-element elementor-element-cb24046 elementor-widget elementor-widget-heading\" data-id=\"cb24046\" data-element_type=\"widget\" data-e-type=\"widget\" data-widget_type=\"heading.default\">\n\t\t\t\t<div class=\"elementor-widget-container\">\n\t\t\t\t\t<h2 class=\"elementor-heading-title elementor-size-default\">Incontriamoci<\/h2>\t\t\t\t<\/div>\n\t\t\t\t<\/div>\n\t\t\t\t<div class=\"elementor-element elementor-element-a950713 elementor-widget elementor-widget-heading\" data-id=\"a950713\" data-element_type=\"widget\" data-e-type=\"widget\" data-widget_type=\"heading.default\">\n\t\t\t\t<div class=\"elementor-widget-container\">\n\t\t\t\t\t<p class=\"elementor-heading-title elementor-size-default\">Place du Molard 5<br>1204 Gen\u00e8ve, Svizzera<\/p>\t\t\t\t<\/div>\n\t\t\t\t<\/div>\n\t\t\t\t<\/div>\n\t\t\t\t\t<\/div>\n\t\t\t\t<\/div>\n\t\t\t\t<div class=\"elementor-element elementor-element-85bc0fe elementor-widget-divider--view-line elementor-widget elementor-widget-divider\" data-id=\"85bc0fe\" data-element_type=\"widget\" data-e-type=\"widget\" data-widget_type=\"divider.default\">\n\t\t\t\t<div class=\"elementor-widget-container\">\n\t\t\t\t\t\t\t<div class=\"elementor-divider\">\n\t\t\t<span class=\"elementor-divider-separator\">\n\t\t\t\t\t\t<\/span>\n\t\t<\/div>\n\t\t\t\t\t\t<\/div>\n\t\t\t\t<\/div>\n\t\t<div class=\"elementor-element elementor-element-15d65c3 e-flex e-con-boxed e-con e-child\" data-id=\"15d65c3\" data-element_type=\"container\" data-e-type=\"container\" data-settings=\"{&quot;jet_parallax_layout_list&quot;:[]}\">\n\t\t\t\t\t<div class=\"e-con-inner\">\n\t\t<div class=\"elementor-element elementor-element-3b0c559 e-con-full e-flex e-con e-child\" data-id=\"3b0c559\" data-element_type=\"container\" data-e-type=\"container\" data-settings=\"{&quot;jet_parallax_layout_list&quot;:[]}\">\n\t\t\t\t<div class=\"elementor-element elementor-element-254587a elementor-widget elementor-widget-image\" data-id=\"254587a\" data-element_type=\"widget\" data-e-type=\"widget\" data-widget_type=\"image.default\">\n\t\t\t\t<div class=\"elementor-widget-container\">\n\t\t\t\t\t\t\t\t\t\t\t\t\t\t\t<img decoding=\"async\" width=\"96\" height=\"96\" src=\"https:\/\/drromanovaleria.ch\/wp-content\/uploads\/2024\/05\/docteur-romano-valeria.png\" class=\"attachment-full size-full wp-image-3389\" alt=\"\" srcset=\"https:\/\/drromanovaleria.ch\/wp-content\/uploads\/2024\/05\/docteur-romano-valeria.png 96w, https:\/\/drromanovaleria.ch\/wp-content\/uploads\/2024\/05\/docteur-romano-valeria-12x12.png 12w\" sizes=\"(max-width: 96px) 100vw, 96px\" \/>\t\t\t\t\t\t\t\t\t\t\t\t\t\t\t<\/div>\n\t\t\t\t<\/div>\n\t\t\t\t<\/div>\n\t\t<div class=\"elementor-element elementor-element-5df39a8 e-con-full e-flex e-con e-child\" data-id=\"5df39a8\" data-element_type=\"container\" data-e-type=\"container\" data-settings=\"{&quot;jet_parallax_layout_list&quot;:[]}\">\n\t\t\t\t<div class=\"elementor-element elementor-element-721d541 elementor-widget elementor-widget-heading\" data-id=\"721d541\" data-element_type=\"widget\" data-e-type=\"widget\" data-widget_type=\"heading.default\">\n\t\t\t\t<div class=\"elementor-widget-container\">\n\t\t\t\t\t<h2 class=\"elementor-heading-title elementor-size-default\">Orari<\/h2>\t\t\t\t<\/div>\n\t\t\t\t<\/div>\n\t\t\t\t<div class=\"elementor-element elementor-element-317bfdc elementor-widget elementor-widget-text-editor\" data-id=\"317bfdc\" data-element_type=\"widget\" data-e-type=\"widget\" data-widget_type=\"text-editor.default\">\n\t\t\t\t<div class=\"elementor-widget-container\">\n\t\t\t\t\t\t\t\t\t<p class=\"translation-block\">Luned\u00ec : 08:30 \u2013 20:00\n<br>Marted\u00ec : 08:30 \u2013 20:00\n<br>Mercoled\u00ec : 08:30 \u2013 20:00\n<br>Gioved\u00ec : 08:30 \u2013 20:00\n<br>Venerd\u00ec : 08:30 \u2013 20:00<\/p>\t\t\t\t\t\t\t\t<\/div>\n\t\t\t\t<\/div>\n\t\t\t\t<\/div>\n\t\t\t\t\t<\/div>\n\t\t\t\t<\/div>\n\t\t\t\t\t<\/div>\n\t\t\t\t<\/div>\n\t\t<div class=\"elementor-element elementor-element-87b0db6 e-flex e-con-boxed e-con e-child\" data-id=\"87b0db6\" data-element_type=\"container\" data-e-type=\"container\" data-settings=\"{&quot;jet_parallax_layout_list&quot;:[]}\">\n\t\t\t\t\t<div class=\"e-con-inner\">\n\t\t\t\t<div class=\"elementor-element elementor-element-34937e6 elementor-widget elementor-widget-image\" data-id=\"34937e6\" data-element_type=\"widget\" data-e-type=\"widget\" data-widget_type=\"image.default\">\n\t\t\t\t<div class=\"elementor-widget-container\">\n\t\t\t\t\t\t\t\t\t\t\t\t\t\t\t<img loading=\"lazy\" decoding=\"async\" width=\"334\" height=\"432\" src=\"https:\/\/drromanovaleria.ch\/wp-content\/uploads\/2024\/08\/docteur-valeria-romano.webp\" class=\"attachment-full size-full wp-image-15137\" alt=\"foto di Valeria Romano medico a Ginevra Svizzera\" srcset=\"https:\/\/drromanovaleria.ch\/wp-content\/uploads\/2024\/08\/docteur-valeria-romano.webp 334w, https:\/\/drromanovaleria.ch\/wp-content\/uploads\/2024\/08\/docteur-valeria-romano-232x300.webp 232w, https:\/\/drromanovaleria.ch\/wp-content\/uploads\/2024\/08\/docteur-valeria-romano-9x12.webp 9w\" sizes=\"(max-width: 334px) 100vw, 334px\" \/>\t\t\t\t\t\t\t\t\t\t\t\t\t\t\t<\/div>\n\t\t\t\t<\/div>\n\t\t\t\t\t<\/div>\n\t\t\t\t<\/div>\n\t\t\t\t\t<\/div>\n\t\t\t\t<\/div>\n\t\t<div class=\"elementor-element elementor-element-d15c5a5 e-con-full e-flex e-con e-parent\" data-id=\"d15c5a5\" data-element_type=\"container\" data-e-type=\"container\" data-settings=\"{&quot;jet_parallax_layout_list&quot;:[]}\">\n\t\t\t\t<div class=\"elementor-element elementor-element-8d6cf60 elementor-widget elementor-widget-google_maps\" data-id=\"8d6cf60\" data-element_type=\"widget\" data-e-type=\"widget\" data-widget_type=\"google_maps.default\">\n\t\t\t\t<div class=\"elementor-widget-container\">\n\t\t\t\t\t\t\t<div class=\"elementor-custom-embed\">\n\t\t\t<iframe loading=\"lazy\"\n\t\t\t\t\tsrc=\"https:\/\/maps.google.com\/maps?q=Place%20du%20Molard%205%2C%201204%20Gen%C3%A8ve%2C%20Suisse&#038;t=m&#038;z=16&#038;output=embed&#038;iwloc=near\"\n\t\t\t\t\ttitle=\"Place du Molard 5, 1204 Ginevra, Svizzera\"\n\t\t\t\t\taria-label=\"Place du Molard 5, 1204 Ginevra, Svizzera\"\n\t\t\t><\/iframe>\n\t\t<\/div>\n\t\t\t\t\t\t<\/div>\n\t\t\t\t<\/div>\n\t\t\t\t<\/div>\n\t\t\t\t<\/div>","protected":false},"excerpt":{"rendered":"<p>Contact Discutons dr.romano.valeria@gmail.com +41 78 209 02 89 Rencontrons-nous Place du Molard 51204 Gen\u00e8ve, Suisse Horaires Lundi : 08h30 \u2013 20h00Mardi : 08h30 \u2013 20h00Mercredi : 08h30 \u2013 20h00Jeudi : 08h30 \u2013 20h00Vendredi : 08h30 \u2013 20h00<\/p>","protected":false},"author":1,"featured_media":0,"parent":0,"menu_order":0,"comment_status":"closed","ping_status":"closed","template":"elementor_header_footer","meta":{"footnotes":""},"class_list":["post-53","page","type-page","status-publish","hentry"],"yoast_head":"<!-- This site is optimized with the Yoast SEO plugin v27.3 - https:\/\/yoast.com\/product\/yoast-seo-wordpress\/ -->\n<title>Prendre rendez-vous et contact | Gen\u00e8ve | Dr Romano<\/title>\n<meta name=\"description\" content=\"Contactez-nous pour toute question ou demande. Retrouvez nos coordonn\u00e9es, formulaire en ligne et horaires d&#039;ouverture pour un service rapide et personnalis\u00e9. Le docteur Romano est un m\u00e9decin install\u00e9e \u00e0 Gen\u00e8ve, Suisse.\" \/>\n<meta name=\"robots\" content=\"index, follow, max-snippet:-1, max-image-preview:large, max-video-preview:-1\" \/>\n<link rel=\"canonical\" href=\"https:\/\/drromanovaleria.ch\/it\/contattare-dottore-romano-valeria\/\" \/>\n<meta property=\"og:locale\" content=\"it_IT\" \/>\n<meta property=\"og:type\" content=\"article\" \/>\n<meta property=\"og:title\" content=\"Prendre rendez-vous et contact | Gen\u00e8ve | Dr Romano\" \/>\n<meta property=\"og:description\" content=\"Contactez-nous pour toute question ou demande. Retrouvez nos coordonn\u00e9es, formulaire en ligne et horaires d&#039;ouverture pour un service rapide et personnalis\u00e9. Le docteur Romano est un m\u00e9decin install\u00e9e \u00e0 Gen\u00e8ve, Suisse.\" \/>\n<meta property=\"og:url\" content=\"https:\/\/drromanovaleria.ch\/it\/contattare-dottore-romano-valeria\/\" \/>\n<meta property=\"og:site_name\" content=\"Dr Romano\" \/>\n<meta property=\"article:modified_time\" content=\"2025-10-26T09:41:56+00:00\" \/>\n<meta property=\"og:image\" content=\"https:\/\/drromanovaleria.ch\/wp-content\/uploads\/2024\/05\/telephone-dr-romano-1.png\" \/>\n\t<meta property=\"og:image:width\" content=\"96\" \/>\n\t<meta property=\"og:image:height\" content=\"96\" \/>\n\t<meta property=\"og:image:type\" content=\"image\/png\" \/>\n<meta name=\"twitter:card\" content=\"summary_large_image\" \/>\n<meta name=\"twitter:label1\" content=\"Tempo di lettura stimato\" \/>\n\t<meta name=\"twitter:data1\" content=\"1 minuto\" \/>\n<script type=\"application\/ld+json\" class=\"yoast-schema-graph\">{\"@context\":\"https:\\\/\\\/schema.org\",\"@graph\":[{\"@type\":\"WebPage\",\"@id\":\"https:\\\/\\\/drromanovaleria.ch\\\/contactez-le-dr-romano\\\/\",\"url\":\"https:\\\/\\\/drromanovaleria.ch\\\/contactez-le-dr-romano\\\/\",\"name\":\"Prendre rendez-vous et contact | Gen\u00e8ve | Dr Romano\",\"isPartOf\":{\"@id\":\"https:\\\/\\\/drromanovaleria.ch\\\/#website\"},\"primaryImageOfPage\":{\"@id\":\"https:\\\/\\\/drromanovaleria.ch\\\/contactez-le-dr-romano\\\/#primaryimage\"},\"image\":{\"@id\":\"https:\\\/\\\/drromanovaleria.ch\\\/contactez-le-dr-romano\\\/#primaryimage\"},\"thumbnailUrl\":\"https:\\\/\\\/drromanovaleria.ch\\\/wp-content\\\/uploads\\\/2024\\\/05\\\/telephone-dr-romano-1.png\",\"datePublished\":\"2024-05-08T20:19:12+00:00\",\"dateModified\":\"2025-10-26T09:41:56+00:00\",\"description\":\"Contactez-nous pour toute question ou demande. Retrouvez nos coordonn\u00e9es, formulaire en ligne et horaires d'ouverture pour un service rapide et personnalis\u00e9. Le docteur Romano est un m\u00e9decin install\u00e9e \u00e0 Gen\u00e8ve, Suisse.\",\"breadcrumb\":{\"@id\":\"https:\\\/\\\/drromanovaleria.ch\\\/contactez-le-dr-romano\\\/#breadcrumb\"},\"inLanguage\":\"it-IT\",\"potentialAction\":[{\"@type\":\"ReadAction\",\"target\":[\"https:\\\/\\\/drromanovaleria.ch\\\/contactez-le-dr-romano\\\/\"]}]},{\"@type\":\"ImageObject\",\"inLanguage\":\"it-IT\",\"@id\":\"https:\\\/\\\/drromanovaleria.ch\\\/contactez-le-dr-romano\\\/#primaryimage\",\"url\":\"https:\\\/\\\/drromanovaleria.ch\\\/wp-content\\\/uploads\\\/2024\\\/05\\\/telephone-dr-romano-1.png\",\"contentUrl\":\"https:\\\/\\\/drromanovaleria.ch\\\/wp-content\\\/uploads\\\/2024\\\/05\\\/telephone-dr-romano-1.png\"},{\"@type\":\"BreadcrumbList\",\"@id\":\"https:\\\/\\\/drromanovaleria.ch\\\/contactez-le-dr-romano\\\/#breadcrumb\",\"itemListElement\":[{\"@type\":\"ListItem\",\"position\":1,\"name\":\"Accueil\",\"item\":\"https:\\\/\\\/drromanovaleria.ch\\\/\"},{\"@type\":\"ListItem\",\"position\":2,\"name\":\"Contactez le Dr Romano\"}]},{\"@type\":\"WebSite\",\"@id\":\"https:\\\/\\\/drromanovaleria.ch\\\/#website\",\"url\":\"https:\\\/\\\/drromanovaleria.ch\\\/\",\"name\":\"Dr Romano\",\"description\":\"M\u00e9decine morphologique et anti-\u00e2ge\",\"potentialAction\":[{\"@type\":\"SearchAction\",\"target\":{\"@type\":\"EntryPoint\",\"urlTemplate\":\"https:\\\/\\\/drromanovaleria.ch\\\/?s={search_term_string}\"},\"query-input\":{\"@type\":\"PropertyValueSpecification\",\"valueRequired\":true,\"valueName\":\"search_term_string\"}}],\"inLanguage\":\"it-IT\"}]}<\/script>\n<!-- \/ Yoast SEO plugin. -->","yoast_head_json":{"title":"Fissare un appuntamento e contattare | Ginevra | Dr Romano","description":"Contattateci per qualsiasi domanda o richiesta. Trovate i nostri recapiti, il modulo online e gli orari di apertura per un servizio rapido e personalizzato. Il dottor Romano \u00e8 un medico con sede a Ginevra, in Svizzera.","robots":{"index":"index","follow":"follow","max-snippet":"max-snippet:-1","max-image-preview":"max-image-preview:large","max-video-preview":"max-video-preview:-1"},"canonical":"https:\/\/drromanovaleria.ch\/it\/contattare-dottore-romano-valeria\/","og_locale":"it_IT","og_type":"article","og_title":"Prendre rendez-vous et contact | Gen\u00e8ve | Dr Romano","og_description":"Contactez-nous pour toute question ou demande. Retrouvez nos coordonn\u00e9es, formulaire en ligne et horaires d'ouverture pour un service rapide et personnalis\u00e9. Le docteur Romano est un m\u00e9decin install\u00e9e \u00e0 Gen\u00e8ve, Suisse.","og_url":"https:\/\/drromanovaleria.ch\/it\/contattare-dottore-romano-valeria\/","og_site_name":"Dr Romano","article_modified_time":"2025-10-26T09:41:56+00:00","og_image":[{"width":96,"height":96,"url":"https:\/\/drromanovaleria.ch\/wp-content\/uploads\/2024\/05\/telephone-dr-romano-1.png","type":"image\/png"}],"twitter_card":"summary_large_image","twitter_misc":{"Tempo di lettura stimato":"1 minuto"},"schema":{"@context":"https:\/\/schema.org","@graph":[{"@type":"WebPage","@id":"https:\/\/drromanovaleria.ch\/contactez-le-dr-romano\/","url":"https:\/\/drromanovaleria.ch\/contactez-le-dr-romano\/","name":"Fissare un appuntamento e contattare | Ginevra | Dr Romano","isPartOf":{"@id":"https:\/\/drromanovaleria.ch\/#website"},"primaryImageOfPage":{"@id":"https:\/\/drromanovaleria.ch\/contactez-le-dr-romano\/#primaryimage"},"image":{"@id":"https:\/\/drromanovaleria.ch\/contactez-le-dr-romano\/#primaryimage"},"thumbnailUrl":"https:\/\/drromanovaleria.ch\/wp-content\/uploads\/2024\/05\/telephone-dr-romano-1.png","datePublished":"2024-05-08T20:19:12+00:00","dateModified":"2025-10-26T09:41:56+00:00","description":"Contattateci per qualsiasi domanda o richiesta. Trovate i nostri recapiti, il modulo online e gli orari di apertura per un servizio rapido e personalizzato. Il dottor Romano \u00e8 un medico con sede a Ginevra, in Svizzera.","breadcrumb":{"@id":"https:\/\/drromanovaleria.ch\/contactez-le-dr-romano\/#breadcrumb"},"inLanguage":"it-IT","potentialAction":[{"@type":"ReadAction","target":["https:\/\/drromanovaleria.ch\/contactez-le-dr-romano\/"]}]},{"@type":"ImageObject","inLanguage":"it-IT","@id":"https:\/\/drromanovaleria.ch\/contactez-le-dr-romano\/#primaryimage","url":"https:\/\/drromanovaleria.ch\/wp-content\/uploads\/2024\/05\/telephone-dr-romano-1.png","contentUrl":"https:\/\/drromanovaleria.ch\/wp-content\/uploads\/2024\/05\/telephone-dr-romano-1.png"},{"@type":"BreadcrumbList","@id":"https:\/\/drromanovaleria.ch\/contactez-le-dr-romano\/#breadcrumb","itemListElement":[{"@type":"ListItem","position":1,"name":"Accueil","item":"https:\/\/drromanovaleria.ch\/"},{"@type":"ListItem","position":2,"name":"Contactez le Dr Romano"}]},{"@type":"WebSite","@id":"https:\/\/drromanovaleria.ch\/#website","url":"https:\/\/drromanovaleria.ch\/","name":"Dott. Romano","description":"Medicina morfologica e anti-invecchiamento","potentialAction":[{"@type":"SearchAction","target":{"@type":"EntryPoint","urlTemplate":"https:\/\/drromanovaleria.ch\/?s={search_term_string}"},"query-input":{"@type":"PropertyValueSpecification","valueRequired":true,"valueName":"search_term_string"}}],"inLanguage":"it-IT"}]}},"amp_enabled":false,"_links":{"self":[{"href":"https:\/\/drromanovaleria.ch\/it\/wp-json\/wp\/v2\/pages\/53","targetHints":{"allow":["GET"]}}],"collection":[{"href":"https:\/\/drromanovaleria.ch\/it\/wp-json\/wp\/v2\/pages"}],"about":[{"href":"https:\/\/drromanovaleria.ch\/it\/wp-json\/wp\/v2\/types\/page"}],"author":[{"embeddable":true,"href":"https:\/\/drromanovaleria.ch\/it\/wp-json\/wp\/v2\/users\/1"}],"replies":[{"embeddable":true,"href":"https:\/\/drromanovaleria.ch\/it\/wp-json\/wp\/v2\/comments?post=53"}],"version-history":[{"count":3,"href":"https:\/\/drromanovaleria.ch\/it\/wp-json\/wp\/v2\/pages\/53\/revisions"}],"predecessor-version":[{"id":40014,"href":"https:\/\/drromanovaleria.ch\/it\/wp-json\/wp\/v2\/pages\/53\/revisions\/40014"}],"wp:attachment":[{"href":"https:\/\/drromanovaleria.ch\/it\/wp-json\/wp\/v2\/media?parent=53"}],"curies":[{"name":"wp","href":"https:\/\/api.w.org\/{rel}","templated":true}]}}