{"id":64222,"date":"2026-04-23T08:52:23","date_gmt":"2026-04-23T06:52:23","guid":{"rendered":"https:\/\/drromanovaleria.ch\/?page_id=64222"},"modified":"2026-04-23T09:03:22","modified_gmt":"2026-04-23T07:03:22","slug":"pollution","status":"publish","type":"page","link":"https:\/\/drromanovaleria.ch\/en\/agressions\/pollution\/","title":{"rendered":"Pollution"},"content":{"rendered":"","protected":false},"excerpt":{"rendered":"","protected":false},"author":2,"featured_media":0,"parent":64198,"menu_order":0,"comment_status":"closed","ping_status":"closed","template":"elementor_header_footer","meta":{"footnotes":""},"class_list":["post-64222","page","type-page","status-publish","hentry"],"yoast_head":"<!-- This site is optimized with the Yoast SEO plugin v27.4 - https:\/\/yoast.com\/product\/yoast-seo-wordpress\/ -->\n<title>Pollution : comment prendre soin de sa peau ? - Dr Romano<\/title>\n<meta name=\"description\" content=\"D\u00e9couvrez comment la pollution affecte la peau : teint terne, imperfections, vieillissement pr\u00e9matur\u00e9. Adoptez les bons gestes et soins pour prot\u00e9ger, nettoyer et renforcer la barri\u00e8re cutan\u00e9e au quotidien.\" \/>\n<meta name=\"robots\" content=\"index, follow, max-snippet:-1, max-image-preview:large, max-video-preview:-1\" \/>\n<link rel=\"canonical\" href=\"https:\/\/drromanovaleria.ch\/en\/assaults\/pollution\/\" \/>\n<meta property=\"og:locale\" content=\"en_GB\" \/>\n<meta property=\"og:type\" content=\"article\" \/>\n<meta property=\"og:title\" content=\"Pollution : comment prendre soin de sa peau ? - Dr Romano\" \/>\n<meta property=\"og:description\" content=\"D\u00e9couvrez comment la pollution affecte la peau : teint terne, imperfections, vieillissement pr\u00e9matur\u00e9. Adoptez les bons gestes et soins pour prot\u00e9ger, nettoyer et renforcer la barri\u00e8re cutan\u00e9e au quotidien.\" \/>\n<meta property=\"og:url\" content=\"https:\/\/drromanovaleria.ch\/en\/assaults\/pollution\/\" \/>\n<meta property=\"og:site_name\" content=\"Dr Romano\" \/>\n<meta property=\"article:modified_time\" content=\"2026-04-23T07:03:22+00:00\" \/>\n<meta name=\"twitter:card\" content=\"summary_large_image\" \/>\n<script type=\"application\/ld+json\" class=\"yoast-schema-graph\">{\"@context\":\"https:\\\/\\\/schema.org\",\"@graph\":[{\"@type\":\"WebPage\",\"@id\":\"https:\\\/\\\/drromanovaleria.ch\\\/agressions\\\/pollution\\\/\",\"url\":\"https:\\\/\\\/drromanovaleria.ch\\\/agressions\\\/pollution\\\/\",\"name\":\"Pollution : comment prendre soin de sa peau ? - Dr Romano\",\"isPartOf\":{\"@id\":\"https:\\\/\\\/drromanovaleria.ch\\\/#website\"},\"datePublished\":\"2026-04-23T06:52:23+00:00\",\"dateModified\":\"2026-04-23T07:03:22+00:00\",\"description\":\"D\u00e9couvrez comment la pollution affecte la peau : teint terne, imperfections, vieillissement pr\u00e9matur\u00e9. Adoptez les bons gestes et soins pour prot\u00e9ger, nettoyer et renforcer la barri\u00e8re cutan\u00e9e au quotidien.\",\"breadcrumb\":{\"@id\":\"https:\\\/\\\/drromanovaleria.ch\\\/agressions\\\/pollution\\\/#breadcrumb\"},\"inLanguage\":\"en-GB\",\"potentialAction\":[{\"@type\":\"ReadAction\",\"target\":[\"https:\\\/\\\/drromanovaleria.ch\\\/agressions\\\/pollution\\\/\"]}]},{\"@type\":\"BreadcrumbList\",\"@id\":\"https:\\\/\\\/drromanovaleria.ch\\\/agressions\\\/pollution\\\/#breadcrumb\",\"itemListElement\":[{\"@type\":\"ListItem\",\"position\":1,\"name\":\"Accueil\",\"item\":\"https:\\\/\\\/drromanovaleria.ch\\\/\"},{\"@type\":\"ListItem\",\"position\":2,\"name\":\"Agressions\",\"item\":\"https:\\\/\\\/drromanovaleria.ch\\\/agressions\\\/\"},{\"@type\":\"ListItem\",\"position\":3,\"name\":\"Pollution\"}]},{\"@type\":\"WebSite\",\"@id\":\"https:\\\/\\\/drromanovaleria.ch\\\/#website\",\"url\":\"https:\\\/\\\/drromanovaleria.ch\\\/\",\"name\":\"Dr Romano\",\"description\":\"M\u00e9decine morphologique et anti-\u00e2ge\",\"potentialAction\":[{\"@type\":\"SearchAction\",\"target\":{\"@type\":\"EntryPoint\",\"urlTemplate\":\"https:\\\/\\\/drromanovaleria.ch\\\/?s={search_term_string}\"},\"query-input\":{\"@type\":\"PropertyValueSpecification\",\"valueRequired\":true,\"valueName\":\"search_term_string\"}}],\"inLanguage\":\"en-GB\"}]}<\/script>\n<!-- \/ Yoast SEO plugin. -->","yoast_head_json":{"title":"Pollution : comment prendre soin de sa peau ? - Dr Romano","description":"D\u00e9couvrez comment la pollution affecte la peau : teint terne, imperfections, vieillissement pr\u00e9matur\u00e9. Adoptez les bons gestes et soins pour prot\u00e9ger, nettoyer et renforcer la barri\u00e8re cutan\u00e9e au quotidien.","robots":{"index":"index","follow":"follow","max-snippet":"max-snippet:-1","max-image-preview":"max-image-preview:large","max-video-preview":"max-video-preview:-1"},"canonical":"https:\/\/drromanovaleria.ch\/en\/assaults\/pollution\/","og_locale":"en_GB","og_type":"article","og_title":"Pollution : comment prendre soin de sa peau ? - Dr Romano","og_description":"D\u00e9couvrez comment la pollution affecte la peau : teint terne, imperfections, vieillissement pr\u00e9matur\u00e9. Adoptez les bons gestes et soins pour prot\u00e9ger, nettoyer et renforcer la barri\u00e8re cutan\u00e9e au quotidien.","og_url":"https:\/\/drromanovaleria.ch\/en\/assaults\/pollution\/","og_site_name":"Dr Romano","article_modified_time":"2026-04-23T07:03:22+00:00","twitter_card":"summary_large_image","schema":{"@context":"https:\/\/schema.org","@graph":[{"@type":"WebPage","@id":"https:\/\/drromanovaleria.ch\/agressions\/pollution\/","url":"https:\/\/drromanovaleria.ch\/agressions\/pollution\/","name":"Pollution : comment prendre soin de sa peau ? - Dr Romano","isPartOf":{"@id":"https:\/\/drromanovaleria.ch\/#website"},"datePublished":"2026-04-23T06:52:23+00:00","dateModified":"2026-04-23T07:03:22+00:00","description":"D\u00e9couvrez comment la pollution affecte la peau : teint terne, imperfections, vieillissement pr\u00e9matur\u00e9. Adoptez les bons gestes et soins pour prot\u00e9ger, nettoyer et renforcer la barri\u00e8re cutan\u00e9e au quotidien.","breadcrumb":{"@id":"https:\/\/drromanovaleria.ch\/agressions\/pollution\/#breadcrumb"},"inLanguage":"en-GB","potentialAction":[{"@type":"ReadAction","target":["https:\/\/drromanovaleria.ch\/agressions\/pollution\/"]}]},{"@type":"BreadcrumbList","@id":"https:\/\/drromanovaleria.ch\/agressions\/pollution\/#breadcrumb","itemListElement":[{"@type":"ListItem","position":1,"name":"Accueil","item":"https:\/\/drromanovaleria.ch\/"},{"@type":"ListItem","position":2,"name":"Agressions","item":"https:\/\/drromanovaleria.ch\/agressions\/"},{"@type":"ListItem","position":3,"name":"Pollution"}]},{"@type":"WebSite","@id":"https:\/\/drromanovaleria.ch\/#website","url":"https:\/\/drromanovaleria.ch\/","name":"Dr Romano","description":"Morphological and anti-ageing medicine","potentialAction":[{"@type":"SearchAction","target":{"@type":"EntryPoint","urlTemplate":"https:\/\/drromanovaleria.ch\/?s={search_term_string}"},"query-input":{"@type":"PropertyValueSpecification","valueRequired":true,"valueName":"search_term_string"}}],"inLanguage":"en-GB"}]}},"amp_enabled":false,"_links":{"self":[{"href":"https:\/\/drromanovaleria.ch\/en\/wp-json\/wp\/v2\/pages\/64222","targetHints":{"allow":["GET"]}}],"collection":[{"href":"https:\/\/drromanovaleria.ch\/en\/wp-json\/wp\/v2\/pages"}],"about":[{"href":"https:\/\/drromanovaleria.ch\/en\/wp-json\/wp\/v2\/types\/page"}],"author":[{"embeddable":true,"href":"https:\/\/drromanovaleria.ch\/en\/wp-json\/wp\/v2\/users\/2"}],"replies":[{"embeddable":true,"href":"https:\/\/drromanovaleria.ch\/en\/wp-json\/wp\/v2\/comments?post=64222"}],"version-history":[{"count":1,"href":"https:\/\/drromanovaleria.ch\/en\/wp-json\/wp\/v2\/pages\/64222\/revisions"}],"predecessor-version":[{"id":64223,"href":"https:\/\/drromanovaleria.ch\/en\/wp-json\/wp\/v2\/pages\/64222\/revisions\/64223"}],"up":[{"embeddable":true,"href":"https:\/\/drromanovaleria.ch\/en\/wp-json\/wp\/v2\/pages\/64198"}],"wp:attachment":[{"href":"https:\/\/drromanovaleria.ch\/en\/wp-json\/wp\/v2\/media?parent=64222"}],"curies":[{"name":"wp","href":"https:\/\/api.w.org\/{rel}","templated":true}]}}