{"id":464,"date":"2024-05-09T23:08:08","date_gmt":"2024-05-09T21:08:08","guid":{"rendered":"https:\/\/drromanovaleria.ch\/?page_id=464"},"modified":"2025-11-28T13:57:24","modified_gmt":"2025-11-28T12:57:24","slug":"legal-information-and-privacy-policy","status":"publish","type":"page","link":"https:\/\/drromanovaleria.ch\/en\/legal-information-and-privacy-policy\/","title":{"rendered":"Legal information and privacy policy"},"content":{"rendered":"<div data-elementor-type=\"wp-page\" data-elementor-id=\"464\" class=\"elementor elementor-464\" data-elementor-post-type=\"page\">\n\t\t\t\t<div class=\"elementor-element elementor-element-9f42224 e-flex e-con-boxed e-con e-parent\" data-id=\"9f42224\" data-element_type=\"container\" data-e-type=\"container\" data-settings=\"{&quot;jet_parallax_layout_list&quot;:[]}\">\n\t\t\t\t\t<div class=\"e-con-inner\">\n\t\t\t\t<div class=\"elementor-element elementor-element-fa0fd8c elementor-widget elementor-widget-heading\" data-id=\"fa0fd8c\" data-element_type=\"widget\" data-e-type=\"widget\" data-widget_type=\"heading.default\">\n\t\t\t\t<div class=\"elementor-widget-container\">\n\t\t\t\t\t<h1 class=\"elementor-heading-title elementor-size-default\">Legal information and privacy policy<\/h1>\t\t\t\t<\/div>\n\t\t\t\t<\/div>\n\t\t\t\t<div class=\"elementor-element elementor-element-88c5772 elementor-align-left elementor-widget elementor-widget-breadcrumbs\" data-id=\"88c5772\" data-element_type=\"widget\" data-e-type=\"widget\" data-widget_type=\"breadcrumbs.default\">\n\t\t\t\t<div class=\"elementor-widget-container\">\n\t\t\t\t\t<p id=\"breadcrumbs\"><span><span><a href=\"https:\/\/drromanovaleria.ch\/en\/\">Home<\/a><\/span><\/span><\/p>\t\t\t\t<\/div>\n\t\t\t\t<\/div>\n\t\t\t\t<div class=\"elementor-element elementor-element-ccb0f68 elementor-widget elementor-widget-text-editor\" data-id=\"ccb0f68\" data-element_type=\"widget\" data-e-type=\"widget\" data-widget_type=\"text-editor.default\">\n\t\t\t\t<div class=\"elementor-widget-container\">\n\t\t\t\t\t\t\t\t\t<p class=\"translation-block\">Welcome to the website <a href=\"https:\/\/drromanovaleria.ch\/en\/\" target=\"_self\">https:\/\/drromanovaleria.ch\/\n<\/a>, an information site of Doctor Valeria Romano, physician in Geneva.\nPersonal information concerning visitors to our site, including their identity, is confidential. Doctor ROMANO is committed, on her honour, to respecting the legal confidentiality conditions applicable in Switzerland.<br>\nThis site complies with the recommendations of the Health On the Net Foundation.<\/p><p class=\"translation-block\"><strong>Identification \u2013 Contact<br><\/strong>Visitors to the site who would like to obtain information or support can contact Doctor Romano at this phone number and this email address.<\/p><p class=\"translation-block\">The site is published by Doctor Valeria Romano.<br>Number GLN : 7601002879613<br>Address : Place du Molard 5, 1204 Geneva<br>Phone number : +41 (0)782090289<br>E-mail : dr.romano.valeria@gmail.com<\/p><p class=\"translation-block\">The site is hosted by the company INFOMANIAK<br>Adresse : Rue Eug\u00e8ne-Marziano 25, 1227 Geneva, Switzerland<br>Num\u00e9ro de t\u00e9l\u00e9phone : <span class=\"w8qArf\"> +41 22 820 35 40<\/span><\/p><p class=\"translation-block\"><strong>But<br><\/strong>This site is an information site, this information does not replace a medical consultation.<br>Under no circumstances does this site offer personalized medical advice. The information provided is for guidance only, it does not constitute personalized medical advice.<br>The information is given exclusively by Doctor ROMANO.<br>The creation of hyperlinks to this site may only be done with the prior written consent of Doctor Valeria ROMANO, who declines all responsibility regarding the content of any websites linked to this site.<br>The content of the pages of the site or of external pages to which the hyperlinks point is the sole responsibility of their authors. Doctor Valeria ROMANO declines all responsibility for any direct or indirect damage that anyone may suffer as a result of this external information.<br>All the content of this site may not be used and\/or reproduced in any form or medium whatsoever without her prior written consent.<\/p><p class=\"translation-block\"><strong>Conflicts of interest<br><\/strong>Doctor Valeria ROMANO created the site <a href=\"https:\/\/drromanovaleria.ch\/en\/\" target=\"_self\">https:\/\/drromanovaleria.ch\/\n<\/a> for informational and not commercial purposes. The site was entirely funded by Doctor Valeria ROMANO.<br>The site contains no advertising and access to it is free.<br>Doctor ROMANO declares having no conflicts of interest. The names and trademarks of product publishers and manufacturers that may be mentioned are used solely for identification purposes and are copyrighted.<\/p><p class=\"translation-block\"><strong>Intellectual property and copyright<br><\/strong>The articles L122-4 and L122-5 of the Intellectual Property Code establish that it is forbidden to reproduce all or part of the site <a href=\"https:\/\/drromanovaleria.ch\/en\/\" target=\"_self\">https:\/\/drromanovaleria.ch\/\n<\/a> without the express and prior authorization of Doctor Valeria ROMANO.<br>All articles, photographs and other documents on this site are the property of Doctor Valeria Romano and are subject to copyright and other intellectual property rights.<br>Doctor ROMANO declines all responsibility for any technical problem and for any damage resulting from the fraudulent intrusion of a third party that has led to a modification of the information made available on the site.<\/p><h2><strong>CONFIDENTIALITY' AND PERSONAL DATA PROCESSING POLICY<\/strong><\/h2><p class=\"translation-block\">The privacy policy informs you about the collection and use of information, personal and non-personal, concerning you.<br>To secure your personal data, we employ all means to comply with Law No. 78-17 of January 6, 1978, known as \"Informatique et Libert\u00e9s,\" and the European regulation, the GDPR (General Data Protection Regulation No. 2016\/79 of April 27, 2016).<br>The site manager is committed, on her honour, to respecting the legal confidentiality conditions of medical information applicable in Switzerland and not to disclose this information to third parties without the express prior consent of the person concerned.<\/p><p class=\"translation-block\"><strong>General information<br><\/strong><u>Site owner<\/u> : Doctor ROMANO Valeria.<br><u>Data controller for the Site<\/u> : Doctor ROMANO Valeria.<br>We are at your disposal for any necessary information by e-mail: dr.romano.valeria@gmail.com\n<br><u>Registered domain name<\/u> : <a href=\"https:\/\/drromanovaleria.ch\/en\/\" target=\"_self\">https:\/\/drromanovaleria.ch\/\n<\/a><br><u>Scope of this personal data protection and processing policy<\/u> : website <a href=\"https:\/\/drromanovaleria.ch\/en\/\" target=\"_self\">https:\/\/drromanovaleria.ch\/\n<\/a>. This Policy does not apply to third-party websites, including those accessible via an internet link.<\/p><p>The law applicable to this personal data privacy policy is Swiss law.<\/p><p class=\"translation-block\"><strong>When are your personal data collected ?<br><\/strong>The personal data collected on the site <a href=\"https:\/\/drromanovaleria.ch\/en\/\" target=\"_self\">https:\/\/drromanovaleria.ch\/\n<\/a> are the data collected by audience measurement tools and the data sent via the contact form.<br>For the contact form, some information is mandatory in order to provide you with information about our services. If this information is not entered, we will not be able to provide what you expect.<br>However, for now, the site does not have a contact form.<\/p><p class=\"translation-block\"><strong>Information you voluntarily provide<br><\/strong>When you decide to contact us via the site, you fill out a contact form.<br>When you decide to fill out the contact form, you voluntarily provide this information: last name (mandatory), first name (mandatory), phone number (mandatory), email address (mandatory), and the information contained in a message (optional) whose text is free. We recommend that you check the information you decide to include in your message, as some information you share may be considered sensitive data.<br>We inform you that our site only processes requests submitted by persons over 18 years of age.<br>When submitting the contact form, the user checks a box expressly acknowledging being over 18 (eighteen) years old and giving explicit consent for the processing of this personal data.<\/p><p class=\"translation-block\"><u>Sensitive data<br><\/u>\"Sensitive data form a particular category of personal data.<br>These are information that reveal the alleged racial or ethnic origin, political opinions, religious or philosophical beliefs, or trade union membership, as well as the processing of genetic data, biometric data for the purpose of uniquely identifying a natural person, data concerning health, or data concerning the sexual life or sexual orientation of a natural person.<br>The European regulation prohibits the collection or use of these data, except, notably, in the following cases :<\/p><ul><li>if the person concerned has given their express consent (an active, explicit and preferably written process, which must be free, specific and informed);<\/li><li>if the information is manifestly made public by the person concerned ;<\/li><li>if they are necessary to safeguard human life ;<\/li><li>if their use is justified by the public interest and authorised by the CNIL ;<\/li><li>if they concern the members or affiliates of an association or a political, religious, philosophical, or trade union organization.\" <br \/><br \/><\/li><\/ul><p class=\"translation-block\"><strong>Information we collect automatically<br><\/strong>Consulting the Site does not require registration or prior identification. It is done without providing personal data.<br>Due to your actions on the site, certain information is collected automatically by technical tools: cookies, widgets \u2026.<br>These are technical and navigation information, such as information about the browser used or the pages of the site you visited, your IP address, \u2026<br>If you use features linked to other social networks, information about you may be collected automatically by these third-party platforms. We disclaim all responsibility regarding the use made by these sites of the information collected when you click on these links or use these features.<\/p><p class=\"translation-block\"><strong>Content embedded from other sites<br><\/strong>Content embedded from other sites (videos, images, articles\u2026) or social networks may be present on this site.<br>Links or redirects to other sites and social networks may be present on this site.<br>These websites or social networks may collect information about you; they have their own privacy policy, which you should read before providing them with your personal data. We disclaim all responsibility regarding the use made by these sites of the information collected about you when you click on these links or use these features.<\/p><p class=\"translation-block\"><strong>Our use of your personal data<br><\/strong>The collection and processing of your personal data is used for:<br>\u2013 The proper functioning of the site.<br>\u2013 The analysis of site consultation (number of pages viewed, number of visits\u2026).<br>\u2013 Responding to your requests for information, advice, and\/or contact.<br>\u2013 The assertion, exercise, or defense of legal rights.<br>\u2013 Scheduling appointments.<br>\u2013 Getting in touch with Doctor ROMANO.<br>\u2013 Communicating with you regarding your requests.<br>\u2013 Managing requests for access, correction, and objection rights.<\/p><p class=\"translation-block\">The recipient of this information and personal data is Doctor Valeria ROMANO, who may also authorize limited access to her collaborators or assistants, or to her webmaster, strictly as necessary for their functions. All of these recipients are bound by professional secrecy.<br>No data is transmitted to third parties. We inform you that they may be disclosed in accordance with a law, regulation, or by virtue of a decision of a competent regulatory or judicial authority.<\/p><p><strong>\u00a0<\/strong><\/p><p class=\"translation-block\"><strong>Storage of personal data<br><\/strong>Your personal data is stored in our databases on our premises on servers secured and protected by a firewall and at our hosting provider.<br>Our goal is to always keep your personal data in the safest and most secure way, and only for the duration necessary to achieve the purpose of the processing.<br>We take appropriate physical, technical, and organizational measures to prevent, as far as possible, any alteration or loss of your data or any unauthorized access to it.<br>Our hosting provider protects its servers with multiple firewalls, carries out regular maintenance, and monitors technological security.<br>All our sites comply with the SSL protocol by integrating an HTTPS certificate, ensuring the security and encryption of information and data transfers.<\/p><p class=\"translation-block\"><strong>Rights regarding personal data and their management<br><\/strong>At any time, the user has the following rights concerning their personal data:<br>- right of access;<br>- right to rectification and deletion;<br>- right to restriction of processing;<br>- right to data portability;<br>- right to be forgotten;<br>- right to notification;<br>- right to object for legitimate reasons to the processing of their personal data;<br>- right to object to the processing of their data for marketing purposes;<br>- right to define directives regarding the fate of your personal data after death;<br>- right to file a complaint with the CNIL.<\/p><p class=\"translation-block\">This can be done by:<br>- email: <a href=\"mailto:dr.romano.valeria@gmail.com\" target=\"_self\">dr.romano.valeria@gmail.com\n<\/a><br>- mail: Place du Molard 5, 1204 Geneva<br>The request must be signed and accompanied by a photocopy of an identity document bearing your signature and must specify the address to which the response should be sent. The response time is one to three months following receipt of the request.<\/p><p class=\"translation-block\"><strong>Transfer of personal data outside Switzerland and Europe<br><\/strong>No personal data is transferred to a country that is not a member of Switzerland or the European Community without the explicit consent of the user.<\/p><p class=\"translation-block\"><strong>Retention period of personal data<br><\/strong>Your personal data is kept for the duration of our relationship and for a legal limitation period after the end of this relationship when they have administrative interest, particularly for establishing proof of a right or contract.<br>This period is the duration necessary for the purposes for which the data was collected.<\/p><p class=\"translation-block\"><strong>Data breach<br><\/strong>In the event that we become aware of illegal access to personal data concerning you (leak and\/or security system violation), the server or site will be stopped while the flaw is identified and repaired.<br>We disclaim any fault or responsibility on our part regarding the occurrence of the incident in question.<\/p><p class=\"translation-block\"><strong>Changes to the privacy policy<br><\/strong>Occasional changes and updates to the privacy policy may be made.<br>We encourage you to regularly check this page to stay informed of any changes.<br>If the changes are significant, users will be informed by email or we will display a notice on our site. No substantial change to the level of confidentiality of your data will be implemented without obtaining your consent.<\/p><h2><strong>COOKIES<\/strong><\/h2><p class=\"translation-block\"><strong>Definition<br><\/strong>\"A cookie is a small file stored by a server on a user\u2019s device (computer, phone, etc.) and associated with a web domain (that is, in most cases, with all the pages of the same website). This file is automatically sent back during subsequent contacts with the same domain.\" Source CNIL<br>Cookies do not store any sensitive personal data.<br>You alone choose whether you want cookies to be stored on your device and you can easily control the storage of cookies.<\/p><p><strong>The cookies used on our site<\/strong><\/p><table><tbody><tr><td width=\"302\"><strong>Type of cookie<\/strong><\/td><td width=\"1266\"><strong>Usefulness<\/strong><\/td><\/tr><tr><td width=\"302\">Functional cookies<\/td><td width=\"1266\">To adapt the presentation of our site to the display preferences of your terminal.<\/td><\/tr><tr><td width=\"302\">Static (or analytical) cookies<\/td><td width=\"1266\">Pour des statistiques concernant notre site (volume de fr\u00e9quentation\u2026) afin de l\u2019am\u00e9liorer.<\/td><\/tr><\/tbody><\/table><p><u>Lifetime of cookies<\/u><\/p><table><tbody><tr><td width=\"302\"><strong>Type of cookie<\/strong><\/td><td width=\"302\"><strong>Duration<\/strong><\/td><\/tr><tr><td width=\"302\">Session cookies<\/td><td width=\"302\">They only last until you close your browser.<\/td><\/tr><tr><td width=\"302\">Persistent cookies<\/td><td width=\"302\">The persistent cookies used on our site have a maximum lifetime of 13 months, in accordance with the applicable regulations.<\/td><\/tr><\/tbody><\/table><p class=\"translation-block\">Our website does not display advertising. The cookies on our site do not have advertising purposes.<br>We automatically receive and record, with your prior consent, information from your computer and the browser used : the IP address, the geographic area, the device used, the page visited, the actions performed on the site<\/p><p><strong>\u00a0<\/strong><\/p><p class=\"translation-block\"><strong>Disabling cookies<br><\/strong>It is possible to disable cookies by changing your browser settings.<br>It is possible to : prevent your device from accepting new cookies ; have the browser warn you when you receive a new cookie ; completely disable cookies.<br>Disabling cookies may deactivate certain functions, but viewing some pages of the site is still possible.<\/p><p class=\"translation-block\">You can also prevent Google from collecting and using data (cookies and IP address) by downloading and installing the browser plug-in available at <a href=\"https:\/\/tools.google.com\/dlpage\/gaoptout?hl=fr\" target=\"_self\"><strong>https:\/\/tools.google.com\/dlpage\/gaoptout?hl=fr\n<\/strong><\/a><br>For more information regarding the relevant terms of use and data privacy, please consult <a href=\"https:\/\/www.google.com\/analytics\/terms\/fr.html\" target=\"_self\"><strong>http:\/\/www.google.com\/analytics\/terms\/fr.html\n<\/strong><\/a><\/p>\t\t\t\t\t\t\t\t<\/div>\n\t\t\t\t<\/div>\n\t\t\t\t\t<\/div>\n\t\t\t\t<\/div>\n\t\t\t\t<\/div>","protected":false},"excerpt":{"rendered":"<p>Bienvenus sur le site web\u00a0\u00a0https:\/\/drromanovaleria.ch\/, site d\u2019information du docteur Valeria Romano m\u00e9decin \u00e0 Gen\u00e8ve.Les informations personnelles concernant les visiteurs de notre site, y compris leur identit\u00e9, sont confidentielles. Le docteur ROMANO s\u2019engage sur l\u2019honneur \u00e0 respecter les conditions l\u00e9gales de confidentialit\u00e9 applicables en Suisse.Ce site respecte les recommandations\u00a0de la Fondation \u00a0Health On the Net. Identification [&hellip;]<\/p>\n","protected":false},"author":1,"featured_media":0,"parent":0,"menu_order":0,"comment_status":"closed","ping_status":"closed","template":"elementor_header_footer","meta":{"footnotes":""},"class_list":["post-464","page","type-page","status-publish","hentry"],"yoast_head":"<!-- This site is optimized with the Yoast SEO plugin v27.3 - https:\/\/yoast.com\/product\/yoast-seo-wordpress\/ -->\n<title>Mentions l\u00e9gales et politique de confidentialit\u00e9 - Dr Romano<\/title>\n<meta name=\"description\" content=\"Cette page pr\u00e9sente les mentions l\u00e9gales et la politique de confidentialit\u00e9 du cabinet du docteur Romano \u00e0 Gen\u00e8ve : informations l\u00e9gales, protection des donn\u00e9es personnelles, utilisation du site et droits des utilisateurs conform\u00e9ment \u00e0 la l\u00e9gislation suisse et europ\u00e9enne.\" \/>\n<meta name=\"robots\" content=\"index, nofollow, max-snippet:-1, max-image-preview:large, max-video-preview:-1\" \/>\n<link rel=\"canonical\" href=\"https:\/\/drromanovaleria.ch\/en\/legal-information-and-privacy-policy\/\" \/>\n<meta property=\"og:locale\" content=\"en_GB\" \/>\n<meta property=\"og:type\" content=\"article\" \/>\n<meta property=\"og:title\" content=\"Mentions l\u00e9gales et politique de confidentialit\u00e9 - Dr Romano\" \/>\n<meta property=\"og:description\" content=\"Cette page pr\u00e9sente les mentions l\u00e9gales et la politique de confidentialit\u00e9 du cabinet du docteur Romano \u00e0 Gen\u00e8ve : informations l\u00e9gales, protection des donn\u00e9es personnelles, utilisation du site et droits des utilisateurs conform\u00e9ment \u00e0 la l\u00e9gislation suisse et europ\u00e9enne.\" \/>\n<meta property=\"og:url\" content=\"https:\/\/drromanovaleria.ch\/en\/legal-information-and-privacy-policy\/\" \/>\n<meta property=\"og:site_name\" content=\"Dr Romano\" \/>\n<meta property=\"article:modified_time\" content=\"2025-11-28T12:57:24+00:00\" \/>\n<meta name=\"twitter:card\" content=\"summary_large_image\" \/>\n<meta name=\"twitter:label1\" content=\"Estimated reading time\" \/>\n\t<meta name=\"twitter:data1\" content=\"12 minutes\" \/>\n<script type=\"application\/ld+json\" class=\"yoast-schema-graph\">{\"@context\":\"https:\\\/\\\/schema.org\",\"@graph\":[{\"@type\":\"WebPage\",\"@id\":\"https:\\\/\\\/drromanovaleria.ch\\\/mentions-legales-et-politique-de-confidentialite\\\/\",\"url\":\"https:\\\/\\\/drromanovaleria.ch\\\/mentions-legales-et-politique-de-confidentialite\\\/\",\"name\":\"Mentions l\u00e9gales et politique de confidentialit\u00e9 - Dr Romano\",\"isPartOf\":{\"@id\":\"https:\\\/\\\/drromanovaleria.ch\\\/#website\"},\"datePublished\":\"2024-05-09T21:08:08+00:00\",\"dateModified\":\"2025-11-28T12:57:24+00:00\",\"description\":\"Cette page pr\u00e9sente les mentions l\u00e9gales et la politique de confidentialit\u00e9 du cabinet du docteur Romano \u00e0 Gen\u00e8ve : informations l\u00e9gales, protection des donn\u00e9es personnelles, utilisation du site et droits des utilisateurs conform\u00e9ment \u00e0 la l\u00e9gislation suisse et europ\u00e9enne.\",\"breadcrumb\":{\"@id\":\"https:\\\/\\\/drromanovaleria.ch\\\/mentions-legales-et-politique-de-confidentialite\\\/#breadcrumb\"},\"inLanguage\":\"en-GB\",\"potentialAction\":[{\"@type\":\"ReadAction\",\"target\":[\"https:\\\/\\\/drromanovaleria.ch\\\/mentions-legales-et-politique-de-confidentialite\\\/\"]}]},{\"@type\":\"BreadcrumbList\",\"@id\":\"https:\\\/\\\/drromanovaleria.ch\\\/mentions-legales-et-politique-de-confidentialite\\\/#breadcrumb\",\"itemListElement\":[{\"@type\":\"ListItem\",\"position\":1,\"name\":\"Accueil\",\"item\":\"https:\\\/\\\/drromanovaleria.ch\\\/\"},{\"@type\":\"ListItem\",\"position\":2,\"name\":\"Mentions l\u00e9gales et politique de confidentialit\u00e9\"}]},{\"@type\":\"WebSite\",\"@id\":\"https:\\\/\\\/drromanovaleria.ch\\\/#website\",\"url\":\"https:\\\/\\\/drromanovaleria.ch\\\/\",\"name\":\"Dr Romano\",\"description\":\"M\u00e9decine morphologique et anti-\u00e2ge\",\"potentialAction\":[{\"@type\":\"SearchAction\",\"target\":{\"@type\":\"EntryPoint\",\"urlTemplate\":\"https:\\\/\\\/drromanovaleria.ch\\\/?s={search_term_string}\"},\"query-input\":{\"@type\":\"PropertyValueSpecification\",\"valueRequired\":true,\"valueName\":\"search_term_string\"}}],\"inLanguage\":\"en-GB\"}]}<\/script>\n<!-- \/ Yoast SEO plugin. -->","yoast_head_json":{"title":"Legal information and privacy policy - Dr Romano","description":"This page presents the legal notice and privacy policy of Dr. Romano\u2019s practice in Geneva: legal information, personal data protection, website use, and users\u2019 rights in accordance with Swiss and European legislation.","robots":{"index":"index","follow":"nofollow","max-snippet":"max-snippet:-1","max-image-preview":"max-image-preview:large","max-video-preview":"max-video-preview:-1"},"canonical":"https:\/\/drromanovaleria.ch\/en\/legal-information-and-privacy-policy\/","og_locale":"en_GB","og_type":"article","og_title":"Mentions l\u00e9gales et politique de confidentialit\u00e9 - Dr Romano","og_description":"Cette page pr\u00e9sente les mentions l\u00e9gales et la politique de confidentialit\u00e9 du cabinet du docteur Romano \u00e0 Gen\u00e8ve : informations l\u00e9gales, protection des donn\u00e9es personnelles, utilisation du site et droits des utilisateurs conform\u00e9ment \u00e0 la l\u00e9gislation suisse et europ\u00e9enne.","og_url":"https:\/\/drromanovaleria.ch\/en\/legal-information-and-privacy-policy\/","og_site_name":"Dr Romano","article_modified_time":"2025-11-28T12:57:24+00:00","twitter_card":"summary_large_image","twitter_misc":{"Estimated reading time":"12 minutes"},"schema":{"@context":"https:\/\/schema.org","@graph":[{"@type":"WebPage","@id":"https:\/\/drromanovaleria.ch\/mentions-legales-et-politique-de-confidentialite\/","url":"https:\/\/drromanovaleria.ch\/mentions-legales-et-politique-de-confidentialite\/","name":"Legal information and privacy policy - Dr Romano","isPartOf":{"@id":"https:\/\/drromanovaleria.ch\/#website"},"datePublished":"2024-05-09T21:08:08+00:00","dateModified":"2025-11-28T12:57:24+00:00","description":"This page presents the legal notice and privacy policy of Dr. Romano\u2019s practice in Geneva: legal information, personal data protection, website use, and users\u2019 rights in accordance with Swiss and European legislation.","breadcrumb":{"@id":"https:\/\/drromanovaleria.ch\/mentions-legales-et-politique-de-confidentialite\/#breadcrumb"},"inLanguage":"en-GB","potentialAction":[{"@type":"ReadAction","target":["https:\/\/drromanovaleria.ch\/mentions-legales-et-politique-de-confidentialite\/"]}]},{"@type":"BreadcrumbList","@id":"https:\/\/drromanovaleria.ch\/mentions-legales-et-politique-de-confidentialite\/#breadcrumb","itemListElement":[{"@type":"ListItem","position":1,"name":"Accueil","item":"https:\/\/drromanovaleria.ch\/"},{"@type":"ListItem","position":2,"name":"Mentions l\u00e9gales et politique de confidentialit\u00e9"}]},{"@type":"WebSite","@id":"https:\/\/drromanovaleria.ch\/#website","url":"https:\/\/drromanovaleria.ch\/","name":"Dr Romano","description":"Morphological and anti-ageing medicine","potentialAction":[{"@type":"SearchAction","target":{"@type":"EntryPoint","urlTemplate":"https:\/\/drromanovaleria.ch\/?s={search_term_string}"},"query-input":{"@type":"PropertyValueSpecification","valueRequired":true,"valueName":"search_term_string"}}],"inLanguage":"en-GB"}]}},"amp_enabled":false,"_links":{"self":[{"href":"https:\/\/drromanovaleria.ch\/en\/wp-json\/wp\/v2\/pages\/464","targetHints":{"allow":["GET"]}}],"collection":[{"href":"https:\/\/drromanovaleria.ch\/en\/wp-json\/wp\/v2\/pages"}],"about":[{"href":"https:\/\/drromanovaleria.ch\/en\/wp-json\/wp\/v2\/types\/page"}],"author":[{"embeddable":true,"href":"https:\/\/drromanovaleria.ch\/en\/wp-json\/wp\/v2\/users\/1"}],"replies":[{"embeddable":true,"href":"https:\/\/drromanovaleria.ch\/en\/wp-json\/wp\/v2\/comments?post=464"}],"version-history":[{"count":5,"href":"https:\/\/drromanovaleria.ch\/en\/wp-json\/wp\/v2\/pages\/464\/revisions"}],"predecessor-version":[{"id":49218,"href":"https:\/\/drromanovaleria.ch\/en\/wp-json\/wp\/v2\/pages\/464\/revisions\/49218"}],"wp:attachment":[{"href":"https:\/\/drromanovaleria.ch\/en\/wp-json\/wp\/v2\/media?parent=464"}],"curies":[{"name":"wp","href":"https:\/\/api.w.org\/{rel}","templated":true}]}}